{"id":49,"date":"2017-02-14T17:57:34","date_gmt":"2017-02-14T16:57:34","guid":{"rendered":"http:\/\/www.lalberodellapsicologia.it\/?page_id=49"},"modified":"2017-02-23T20:13:18","modified_gmt":"2017-02-23T19:13:18","slug":"perche-lalbero","status":"publish","type":"page","link":"https:\/\/www.lalberodellapsicologia.it\/index.php\/info\/perche-lalbero\/","title":{"rendered":"PERCHE&#8217; L&#8217;ALBERO"},"content":{"rendered":"<p style=\"text-align: justify;\"><span style=\"color: #000000;\"><span style=\"font-family: Verdana, Geneva, sans-serif;\"><span style=\"font-size: small;\">Fin dai tempi antichi, la figura dell&#8217;albero, rappresenta l&#8217;archetipo della vita che cresce.\u00a0<\/span><\/span><\/span><\/p>\n<p style=\"text-align: justify;\"><span style=\"color: #000000;\"><span style=\"font-family: Verdana, Geneva, sans-serif;\"><span style=\"font-size: small;\">L&#8217;albero \u00e8 il simbolo dell&#8217;immortalit\u00e0, poich\u00e9 continua a vivere attraverso i suoi semi.\u00a0<\/span><\/span><\/span><span style=\"color: #000000;\"><span style=\"font-family: Verdana, Geneva, sans-serif;\"><span style=\"font-size: small;\">Le sue radici rinvigoriscono e sono capaci di ripararsi.<\/span><\/span><\/span><span style=\"color: #000000;\"><span style=\"font-family: Verdana, Geneva, sans-serif;\"><span style=\"font-size: small;\">Per sua natura \u00e8 connesso a due regni, la terra e il cielo, rappresentandone lo scambio e fungendo da simbolo di un processo di crescita e di evoluzione.\u00a0<\/span><\/span><\/span><span style=\"color: #000000;\"><span style=\"font-family: Verdana, Geneva, sans-serif;\"><span style=\"font-size: small;\">Proiettandosi con la sua chioma verso il cielo, l&#8217;albero, congiunge il mondo oscuro dell&#8217;inconscio a quello luminoso della coscienza.\u00a0<\/span><\/span><\/span><span style=\"color: #000000;\"><span style=\"font-family: Verdana, Geneva, sans-serif;\"><span style=\"font-size: small;\">Riesce a nascere e a sopravvivere a qualsiasi condizione climatica e nei luoghi pi\u00f9 inaccessibili e sfavorevoli.<\/span><\/span><\/span><\/p>\n<p style=\"text-align: justify;\"><span style=\"color: #000000;\"><span style=\"font-family: Verdana, Geneva, sans-serif;\"><span style=\"font-size: small;\"> Come lui, l&#8217;essere umano, ha le sue radici, le sue fasi evolutive, influenza ed \u00e8 influenzato dall&#8217;ambiente esterno in un rapporto di circolarit\u00e0, \u00e8 in grado di adattarsi anche alle condizioni di vita pi\u00f9 dure, facendo leva sulle proprie risorse e su quelle del contesto di vita che lo circonda.\u00a0<\/span><\/span><\/span><span style=\"color: #000000;\"><span style=\"font-family: Verdana, Geneva, sans-serif;\"><span style=\"font-size: small;\">Anche l&#8217;uomo, come l&#8217;albero, \u00e8 capace di rinnovarsi continuamente e di \u201crinascere\u201d.\u00a0<\/span><\/span><\/span><\/p>\n<p style=\"text-align: justify;\"><span style=\"color: #000000;\"><span style=\"font-family: Verdana, Geneva, sans-serif;\"><span style=\"font-size: small;\">Ispirandomi a questo simbolo di vita ed alle sue analogie con l&#8217;uomo, nel mio lavoro di psicoterapeuta ho avviato la mia attivit\u00e0 di ascolto e sostegno, ponendomi da facilitatrice di cambiamento a favore di adolescenti, individui, coppie e famiglie che attraversano una fase critica e di disagio nella propria vita. <\/span><\/span><\/span><\/p>\n<p>&nbsp;<\/p>\n","protected":false},"excerpt":{"rendered":"<p>Fin dai tempi antichi, la figura dell&#8217;albero, rappresenta l&#8217;archetipo della vita che cresce.\u00a0 L&#8217;albero \u00e8 il simbolo dell&#8217;immortalit\u00e0, poich\u00e9 continua a vivere attraverso i suoi semi.\u00a0Le sue radici rinvigoriscono e sono capaci di ripararsi.Per sua natura \u00e8 connesso a due&hellip; <br \/><a class=\"read-more-button\" href=\"https:\/\/www.lalberodellapsicologia.it\/index.php\/info\/perche-lalbero\/\">Leggi tutto<\/a><\/p>\n","protected":false},"author":1,"featured_media":0,"parent":16,"menu_order":0,"comment_status":"closed","ping_status":"closed","template":"","meta":{"jetpack_post_was_ever_published":false,"footnotes":""},"class_list":["post-49","page","type-page","status-publish","hentry"],"yoast_head":"<!-- This site is optimized with the Yoast SEO plugin v23.4 - https:\/\/yoast.com\/wordpress\/plugins\/seo\/ -->\r\n<title>PERCHE&#039; L&#039;ALBERO - Lalbero della Psicologia<\/title>\r\n<meta name=\"robots\" content=\"index, follow, max-snippet:-1, max-image-preview:large, max-video-preview:-1\" \/>\r\n<link rel=\"canonical\" href=\"https:\/\/www.lalberodellapsicologia.it\/index.php\/info\/perche-lalbero\/\" \/>\r\n<meta property=\"og:locale\" content=\"it_IT\" \/>\r\n<meta property=\"og:type\" content=\"article\" \/>\r\n<meta property=\"og:title\" content=\"PERCHE&#039; L&#039;ALBERO - Lalbero della Psicologia\" \/>\r\n<meta property=\"og:description\" content=\"Fin dai tempi antichi, la figura dell&#8217;albero, rappresenta l&#8217;archetipo della vita che cresce.\u00a0 L&#8217;albero \u00e8 il simbolo dell&#8217;immortalit\u00e0, poich\u00e9 continua a vivere attraverso i suoi semi.\u00a0Le sue radici rinvigoriscono e sono capaci di ripararsi.Per sua natura \u00e8 connesso a due&hellip; Leggi tutto\" \/>\r\n<meta property=\"og:url\" content=\"https:\/\/www.lalberodellapsicologia.it\/index.php\/info\/perche-lalbero\/\" \/>\r\n<meta property=\"og:site_name\" content=\"Lalbero della Psicologia\" \/>\r\n<meta property=\"article:modified_time\" content=\"2017-02-23T19:13:18+00:00\" \/>\r\n<meta name=\"twitter:card\" content=\"summary_large_image\" \/>\r\n<meta name=\"twitter:label1\" content=\"Tempo di lettura stimato\" \/>\n\t<meta name=\"twitter:data1\" content=\"1 minuto\" \/>\r\n<script type=\"application\/ld+json\" class=\"yoast-schema-graph\">{\"@context\":\"https:\/\/schema.org\",\"@graph\":[{\"@type\":\"WebPage\",\"@id\":\"https:\/\/www.lalberodellapsicologia.it\/index.php\/info\/perche-lalbero\/\",\"url\":\"https:\/\/www.lalberodellapsicologia.it\/index.php\/info\/perche-lalbero\/\",\"name\":\"PERCHE' L'ALBERO - Lalbero della Psicologia\",\"isPartOf\":{\"@id\":\"https:\/\/www.lalberodellapsicologia.it\/#website\"},\"datePublished\":\"2017-02-14T16:57:34+00:00\",\"dateModified\":\"2017-02-23T19:13:18+00:00\",\"breadcrumb\":{\"@id\":\"https:\/\/www.lalberodellapsicologia.it\/index.php\/info\/perche-lalbero\/#breadcrumb\"},\"inLanguage\":\"it-IT\",\"potentialAction\":[{\"@type\":\"ReadAction\",\"target\":[\"https:\/\/www.lalberodellapsicologia.it\/index.php\/info\/perche-lalbero\/\"]}]},{\"@type\":\"BreadcrumbList\",\"@id\":\"https:\/\/www.lalberodellapsicologia.it\/index.php\/info\/perche-lalbero\/#breadcrumb\",\"itemListElement\":[{\"@type\":\"ListItem\",\"position\":1,\"name\":\"Home\",\"item\":\"https:\/\/www.lalberodellapsicologia.it\/\"},{\"@type\":\"ListItem\",\"position\":2,\"name\":\"INFO\",\"item\":\"http:\/\/www.lalberodellapsicologia.it\/index.php\/info\/\"},{\"@type\":\"ListItem\",\"position\":3,\"name\":\"PERCHE&#8217; L&#8217;ALBERO\"}]},{\"@type\":\"WebSite\",\"@id\":\"https:\/\/www.lalberodellapsicologia.it\/#website\",\"url\":\"https:\/\/www.lalberodellapsicologia.it\/\",\"name\":\"Lalbero della Psicologia\",\"description\":\"\",\"potentialAction\":[{\"@type\":\"SearchAction\",\"target\":{\"@type\":\"EntryPoint\",\"urlTemplate\":\"https:\/\/www.lalberodellapsicologia.it\/?s={search_term_string}\"},\"query-input\":{\"@type\":\"PropertyValueSpecification\",\"valueRequired\":true,\"valueName\":\"search_term_string\"}}],\"inLanguage\":\"it-IT\"}]}<\/script>\r\n<!-- \/ Yoast SEO plugin. -->","yoast_head_json":{"title":"PERCHE' L'ALBERO - Lalbero della Psicologia","robots":{"index":"index","follow":"follow","max-snippet":"max-snippet:-1","max-image-preview":"max-image-preview:large","max-video-preview":"max-video-preview:-1"},"canonical":"https:\/\/www.lalberodellapsicologia.it\/index.php\/info\/perche-lalbero\/","og_locale":"it_IT","og_type":"article","og_title":"PERCHE' L'ALBERO - Lalbero della Psicologia","og_description":"Fin dai tempi antichi, la figura dell&#8217;albero, rappresenta l&#8217;archetipo della vita che cresce.\u00a0 L&#8217;albero \u00e8 il simbolo dell&#8217;immortalit\u00e0, poich\u00e9 continua a vivere attraverso i suoi semi.\u00a0Le sue radici rinvigoriscono e sono capaci di ripararsi.Per sua natura \u00e8 connesso a due&hellip; Leggi tutto","og_url":"https:\/\/www.lalberodellapsicologia.it\/index.php\/info\/perche-lalbero\/","og_site_name":"Lalbero della Psicologia","article_modified_time":"2017-02-23T19:13:18+00:00","twitter_card":"summary_large_image","twitter_misc":{"Tempo di lettura stimato":"1 minuto"},"schema":{"@context":"https:\/\/schema.org","@graph":[{"@type":"WebPage","@id":"https:\/\/www.lalberodellapsicologia.it\/index.php\/info\/perche-lalbero\/","url":"https:\/\/www.lalberodellapsicologia.it\/index.php\/info\/perche-lalbero\/","name":"PERCHE' L'ALBERO - Lalbero della Psicologia","isPartOf":{"@id":"https:\/\/www.lalberodellapsicologia.it\/#website"},"datePublished":"2017-02-14T16:57:34+00:00","dateModified":"2017-02-23T19:13:18+00:00","breadcrumb":{"@id":"https:\/\/www.lalberodellapsicologia.it\/index.php\/info\/perche-lalbero\/#breadcrumb"},"inLanguage":"it-IT","potentialAction":[{"@type":"ReadAction","target":["https:\/\/www.lalberodellapsicologia.it\/index.php\/info\/perche-lalbero\/"]}]},{"@type":"BreadcrumbList","@id":"https:\/\/www.lalberodellapsicologia.it\/index.php\/info\/perche-lalbero\/#breadcrumb","itemListElement":[{"@type":"ListItem","position":1,"name":"Home","item":"https:\/\/www.lalberodellapsicologia.it\/"},{"@type":"ListItem","position":2,"name":"INFO","item":"http:\/\/www.lalberodellapsicologia.it\/index.php\/info\/"},{"@type":"ListItem","position":3,"name":"PERCHE&#8217; L&#8217;ALBERO"}]},{"@type":"WebSite","@id":"https:\/\/www.lalberodellapsicologia.it\/#website","url":"https:\/\/www.lalberodellapsicologia.it\/","name":"Lalbero della Psicologia","description":"","potentialAction":[{"@type":"SearchAction","target":{"@type":"EntryPoint","urlTemplate":"https:\/\/www.lalberodellapsicologia.it\/?s={search_term_string}"},"query-input":{"@type":"PropertyValueSpecification","valueRequired":true,"valueName":"search_term_string"}}],"inLanguage":"it-IT"}]}},"jetpack_sharing_enabled":true,"jetpack_shortlink":"https:\/\/wp.me\/P8pCML-N","jetpack-related-posts":[],"_links":{"self":[{"href":"https:\/\/www.lalberodellapsicologia.it\/index.php\/wp-json\/wp\/v2\/pages\/49"}],"collection":[{"href":"https:\/\/www.lalberodellapsicologia.it\/index.php\/wp-json\/wp\/v2\/pages"}],"about":[{"href":"https:\/\/www.lalberodellapsicologia.it\/index.php\/wp-json\/wp\/v2\/types\/page"}],"author":[{"embeddable":true,"href":"https:\/\/www.lalberodellapsicologia.it\/index.php\/wp-json\/wp\/v2\/users\/1"}],"replies":[{"embeddable":true,"href":"https:\/\/www.lalberodellapsicologia.it\/index.php\/wp-json\/wp\/v2\/comments?post=49"}],"version-history":[{"count":11,"href":"https:\/\/www.lalberodellapsicologia.it\/index.php\/wp-json\/wp\/v2\/pages\/49\/revisions"}],"predecessor-version":[{"id":333,"href":"https:\/\/www.lalberodellapsicologia.it\/index.php\/wp-json\/wp\/v2\/pages\/49\/revisions\/333"}],"up":[{"embeddable":true,"href":"https:\/\/www.lalberodellapsicologia.it\/index.php\/wp-json\/wp\/v2\/pages\/16"}],"wp:attachment":[{"href":"https:\/\/www.lalberodellapsicologia.it\/index.php\/wp-json\/wp\/v2\/media?parent=49"}],"curies":[{"name":"wp","href":"https:\/\/api.w.org\/{rel}","templated":true}]}}