{"id":21,"date":"2017-02-14T15:37:32","date_gmt":"2017-02-14T14:37:32","guid":{"rendered":"http:\/\/www.lalberodellapsicologia.it\/?page_id=21"},"modified":"2020-05-04T18:07:56","modified_gmt":"2020-05-04T16:07:56","slug":"chi-sono","status":"publish","type":"page","link":"https:\/\/www.lalberodellapsicologia.it\/index.php\/info\/chi-sono\/","title":{"rendered":"CHI SONO"},"content":{"rendered":"<p class=\"Body\" style=\"text-align: justify;\"><strong>Dott.ssa Patrizia Borrelli Psicologa Psicoterapeuta Sistemico Relazionale Patrizia Borrelli, Insegnante di Mindfulness e del Programma MBSR (Mindfulness Based Stress Reduction), Certificata IPHM (International Practitioners of Holistic Medicine).<\/strong><\/p>\n<p class=\"p1\"><span class=\"s1\">Iscritta all&#8217;ordine degli psicologi della Lombardia al numero 03\/102019.<\/span><\/p>\n<p class=\"Body\" style=\"text-align: justify;\"><img data-recalc-dims=\"1\" loading=\"lazy\" decoding=\"async\" data-attachment-id=\"37\" data-permalink=\"https:\/\/www.lalberodellapsicologia.it\/index.php\/info\/chi-sono\/shapeimage_1\/\" data-orig-file=\"https:\/\/i0.wp.com\/www.lalberodellapsicologia.it\/wp-content\/uploads\/2017\/02\/shapeimage_1-e1487084666301.png?fit=199%2C284&amp;ssl=1\" data-orig-size=\"199,284\" data-comments-opened=\"1\" data-image-meta=\"{&quot;aperture&quot;:&quot;0&quot;,&quot;credit&quot;:&quot;&quot;,&quot;camera&quot;:&quot;&quot;,&quot;caption&quot;:&quot;&quot;,&quot;created_timestamp&quot;:&quot;0&quot;,&quot;copyright&quot;:&quot;&quot;,&quot;focal_length&quot;:&quot;0&quot;,&quot;iso&quot;:&quot;0&quot;,&quot;shutter_speed&quot;:&quot;0&quot;,&quot;title&quot;:&quot;&quot;,&quot;orientation&quot;:&quot;0&quot;}\" data-image-title=\"shapeimage_1\" data-image-description=\"\" data-image-caption=\"\" data-medium-file=\"https:\/\/i0.wp.com\/www.lalberodellapsicologia.it\/wp-content\/uploads\/2017\/02\/shapeimage_1-e1487084666301.png?fit=199%2C284&amp;ssl=1\" data-large-file=\"https:\/\/i0.wp.com\/www.lalberodellapsicologia.it\/wp-content\/uploads\/2017\/02\/shapeimage_1-e1487084666301.png?fit=199%2C284&amp;ssl=1\" tabindex=\"0\" role=\"button\" class=\"alignnone size-full wp-image-37\" src=\"https:\/\/i0.wp.com\/www.lalberodellapsicologia.it\/wp-content\/uploads\/2017\/02\/shapeimage_1-e1487084666301.png?resize=199%2C284\" alt=\"shapeimage_1\" width=\"199\" height=\"284\" \/><\/p>\n<p class=\"Body\" style=\"text-align: justify;\">CONTATTI<\/p>\n<p style=\"text-align: justify;\"><strong>Sono nata a Milano nel 1974, citt\u00e0 nella quale lavoro.<\/strong><\/p>\n<p style=\"text-align: justify;\"><strong>Mi occupo di famiglie, coppie, adulti e adolescenti<\/strong>.<br \/>\nNella mia professione ho maturato particolare esperienza in ambiti relativi alle <strong>difficolt\u00e0 relazionali<\/strong> ed <strong>affettive<\/strong>, all&#8217;<strong>ansia<\/strong>, agli <strong>attacchi di panico<\/strong>, alle <strong>fobie<\/strong>, alle <strong>ossessioni<\/strong> e <strong>compulsioni<\/strong>, alla <strong>depressione<\/strong> e alla <strong>mancanza di autostima<\/strong>.<br \/>\nSono socia fondatrice della <strong>Cooperativa Sociale Nivalis<\/strong> di Milano, che d\u00e0 sostegno e aiuto a famiglie che vivono situazioni di disagio e sofferenza. Mi occupo inoltre di formazione e di supervisione ad operatori del sociale.<\/p>\n<p style=\"text-align: justify;\"><strong>Il mio percorso formativo<\/strong>\u00a0\u00e8 stato alimentato da una grande curiosit\u00e0 nei confronti dei processi psichici e mentali dell&#8217;individuo, verso il comportamento umano individuale e di gruppo ed i rapporti che il soggetto instaura con l&#8217;ambiente circostante ed il suo sistema di appartenenza.<br \/>\nUna passione per la materia che mi accompagna ogni giorno nell&#8217;incontro con il paziente.<\/p>\n<p style=\"text-align: justify;\">Nel <strong>2001<\/strong> ho conseguito l&#8217;<strong>abilitazione al patentino del FACS (<em>Facial Action Coding System<\/em>, P. Ekman<\/strong>) presso il Centro Studi e Ricerche dell&#8217;Universit\u00e0 Cattolica del Sacro Cuore di Milano.<\/p>\n<p style=\"text-align: justify;\">Mi sono\u00a0<strong>laureata in Psicologia\u00a0<\/strong>sociale e dello sviluppo nel <strong>2004<\/strong>, presso l&#8217;Universit\u00e0 Cattolica del Sacro Cuore di Milano (con una tesi dal titolo: &#8220;<strong><em>L&#8217;umorismo come moderatore dello Stress. La Clownterapia<\/em><\/strong>&#8220;).<\/p>\n<p style=\"text-align: justify;\">Nel <strong>2006<\/strong> ho frequentato un <strong>corso di formazione<\/strong> per operatrici volontarie presso la <strong>Casa delle donne maltrattate di Milano<\/strong>.<\/p>\n<p style=\"text-align: justify;\">Nel <strong>2011<\/strong> ho conseguito la\u00a0<strong>specializzazione in Psicoterapia Sistemico Relazionale<\/strong>\u00a0presso la sede di Torino del Centro Milanese di Psicoterapia della Famiglia (<strong>Associazione culturale Episteme<\/strong>),\u00a0discutendo una tesi dal titolo \u201c<strong>Storie di tossicodipendenza, una lettura sistemico relazionale<\/strong>\u201d.<\/p>\n<p style=\"text-align: justify;\"><strong>Grazie al mio lavoro con le famiglie<\/strong>\u00a0sono cresciuta personalmente e professionalmente; il confronto con i miei pazienti ha contribuito ad ampliare il mio sguardo, a potenziare la mia capacit\u00e0 di ascolto, empatia, e la mia competenza cognitiva, affettiva e relazionale.<\/p>\n<p style=\"text-align: justify;\">Sono passati parecchi giorni da quando ho incontrato la prima famiglia, ad essa se ne sono aggiunte molte altre e seppur ognuna mantenendo la propria unicit\u00e0, con il proprio modo di gestire la <strong>genitorialit\u00e0<\/strong>, di svolgere ruoli e funzioni familiari, di intrattenere rapporti con il contesto sociale, di praticare la cura dei legami affettivi, la maggior parte con un elemento comune, il fatto di aver radicata in s\u00e9 la convinzione che il proprio disagio sia insito nella propria natura e per tale motivo che da esso non ci sia scampo.<br \/>\nUna sorta di rassegnazione al proprio destino, ma anche un alibi che lascia intravedere la paura di cambiare, di spezzare quell&#8217;equilibrio mantenuto da un sintomo che, seppur portatore di grande sofferenza, costituisce una certezza, forse l&#8217;unica, il nodo che tiene uniti i membri della famiglia.<br \/>\nForse \u00e8 proprio questa una delle prime sfide che mi sono trovata ad affrontare con le famiglie che incontro: vincere le loro resistenze ed aiutarle a comprendere che, insieme, \u00e8 possibile\u00a0<strong>provare a scrivere una storia diversa<\/strong>, perch\u00e9 un problema non ha valore assoluto, origine genetica e non \u00e8 insito per natura nelle cose o negli individui, ma in esso gioca un importante fattore la componente situazionale, di relazione e quella sociale.<\/p>\n<p style=\"text-align: justify;\"><strong>Cardine del mio lavoro \u00e8 la convinzione che le persone abbiano dentro di s\u00e9 le risorse e le capacit\u00e0 per superare la fase di stallo in cui si trovano e tornare ad essere attori sociali<\/strong>.<\/p>\n<p><a href=\"http:\/\/www.lalberodellapsicologia.it\/index.php\/info\/contatti\/\">CONTATTI<\/a><\/p>\n<p class=\"Body\" style=\"text-align: justify;\">\n","protected":false},"excerpt":{"rendered":"<p>Dott.ssa Patrizia Borrelli Psicologa Psicoterapeuta Sistemico Relazionale Patrizia Borrelli, Insegnante di Mindfulness e del Programma MBSR (Mindfulness Based Stress Reduction), Certificata IPHM (International Practitioners of Holistic Medicine). Iscritta all&#8217;ordine degli psicologi della Lombardia al numero 03\/102019. CONTATTI Sono nata a&hellip; <br \/><a class=\"read-more-button\" href=\"https:\/\/www.lalberodellapsicologia.it\/index.php\/info\/chi-sono\/\">Leggi tutto<\/a><\/p>\n","protected":false},"author":1,"featured_media":0,"parent":16,"menu_order":0,"comment_status":"closed","ping_status":"closed","template":"","meta":{"jetpack_post_was_ever_published":false,"footnotes":""},"class_list":["post-21","page","type-page","status-publish","hentry"],"yoast_head":"<!-- This site is optimized with the Yoast SEO plugin v23.4 - https:\/\/yoast.com\/wordpress\/plugins\/seo\/ -->\r\n<title>CHI SONO - Lalbero della Psicologia<\/title>\r\n<meta name=\"robots\" content=\"index, follow, max-snippet:-1, max-image-preview:large, max-video-preview:-1\" \/>\r\n<link rel=\"canonical\" href=\"https:\/\/www.lalberodellapsicologia.it\/index.php\/info\/chi-sono\/\" \/>\r\n<meta property=\"og:locale\" content=\"it_IT\" \/>\r\n<meta property=\"og:type\" content=\"article\" \/>\r\n<meta property=\"og:title\" content=\"CHI SONO - Lalbero della Psicologia\" \/>\r\n<meta property=\"og:description\" content=\"Dott.ssa Patrizia Borrelli Psicologa Psicoterapeuta Sistemico Relazionale Patrizia Borrelli, Insegnante di Mindfulness e del Programma MBSR (Mindfulness Based Stress Reduction), Certificata IPHM (International Practitioners of Holistic Medicine). Iscritta all&#8217;ordine degli psicologi della Lombardia al numero 03\/102019. CONTATTI Sono nata a&hellip; Leggi tutto\" \/>\r\n<meta property=\"og:url\" content=\"https:\/\/www.lalberodellapsicologia.it\/index.php\/info\/chi-sono\/\" \/>\r\n<meta property=\"og:site_name\" content=\"Lalbero della Psicologia\" \/>\r\n<meta property=\"article:modified_time\" content=\"2020-05-04T16:07:56+00:00\" \/>\r\n<meta property=\"og:image\" content=\"http:\/\/www.lalberodellapsicologia.it\/wp-content\/uploads\/2017\/02\/shapeimage_1-e1487084666301.png\" \/>\r\n<meta name=\"twitter:card\" content=\"summary_large_image\" \/>\r\n<meta name=\"twitter:label1\" content=\"Tempo di lettura stimato\" \/>\n\t<meta name=\"twitter:data1\" content=\"3 minuti\" \/>\r\n<script type=\"application\/ld+json\" class=\"yoast-schema-graph\">{\"@context\":\"https:\/\/schema.org\",\"@graph\":[{\"@type\":\"WebPage\",\"@id\":\"https:\/\/www.lalberodellapsicologia.it\/index.php\/info\/chi-sono\/\",\"url\":\"https:\/\/www.lalberodellapsicologia.it\/index.php\/info\/chi-sono\/\",\"name\":\"CHI SONO - Lalbero della Psicologia\",\"isPartOf\":{\"@id\":\"https:\/\/www.lalberodellapsicologia.it\/#website\"},\"primaryImageOfPage\":{\"@id\":\"https:\/\/www.lalberodellapsicologia.it\/index.php\/info\/chi-sono\/#primaryimage\"},\"image\":{\"@id\":\"https:\/\/www.lalberodellapsicologia.it\/index.php\/info\/chi-sono\/#primaryimage\"},\"thumbnailUrl\":\"http:\/\/www.lalberodellapsicologia.it\/wp-content\/uploads\/2017\/02\/shapeimage_1-e1487084666301.png\",\"datePublished\":\"2017-02-14T14:37:32+00:00\",\"dateModified\":\"2020-05-04T16:07:56+00:00\",\"breadcrumb\":{\"@id\":\"https:\/\/www.lalberodellapsicologia.it\/index.php\/info\/chi-sono\/#breadcrumb\"},\"inLanguage\":\"it-IT\",\"potentialAction\":[{\"@type\":\"ReadAction\",\"target\":[\"https:\/\/www.lalberodellapsicologia.it\/index.php\/info\/chi-sono\/\"]}]},{\"@type\":\"ImageObject\",\"inLanguage\":\"it-IT\",\"@id\":\"https:\/\/www.lalberodellapsicologia.it\/index.php\/info\/chi-sono\/#primaryimage\",\"url\":\"https:\/\/i0.wp.com\/www.lalberodellapsicologia.it\/wp-content\/uploads\/2017\/02\/shapeimage_1-e1487084666301.png?fit=199%2C284&ssl=1\",\"contentUrl\":\"https:\/\/i0.wp.com\/www.lalberodellapsicologia.it\/wp-content\/uploads\/2017\/02\/shapeimage_1-e1487084666301.png?fit=199%2C284&ssl=1\",\"width\":199,\"height\":284},{\"@type\":\"BreadcrumbList\",\"@id\":\"https:\/\/www.lalberodellapsicologia.it\/index.php\/info\/chi-sono\/#breadcrumb\",\"itemListElement\":[{\"@type\":\"ListItem\",\"position\":1,\"name\":\"Home\",\"item\":\"https:\/\/www.lalberodellapsicologia.it\/\"},{\"@type\":\"ListItem\",\"position\":2,\"name\":\"INFO\",\"item\":\"http:\/\/www.lalberodellapsicologia.it\/index.php\/info\/\"},{\"@type\":\"ListItem\",\"position\":3,\"name\":\"CHI SONO\"}]},{\"@type\":\"WebSite\",\"@id\":\"https:\/\/www.lalberodellapsicologia.it\/#website\",\"url\":\"https:\/\/www.lalberodellapsicologia.it\/\",\"name\":\"Lalbero della Psicologia\",\"description\":\"\",\"potentialAction\":[{\"@type\":\"SearchAction\",\"target\":{\"@type\":\"EntryPoint\",\"urlTemplate\":\"https:\/\/www.lalberodellapsicologia.it\/?s={search_term_string}\"},\"query-input\":{\"@type\":\"PropertyValueSpecification\",\"valueRequired\":true,\"valueName\":\"search_term_string\"}}],\"inLanguage\":\"it-IT\"}]}<\/script>\r\n<!-- \/ Yoast SEO plugin. -->","yoast_head_json":{"title":"CHI SONO - Lalbero della Psicologia","robots":{"index":"index","follow":"follow","max-snippet":"max-snippet:-1","max-image-preview":"max-image-preview:large","max-video-preview":"max-video-preview:-1"},"canonical":"https:\/\/www.lalberodellapsicologia.it\/index.php\/info\/chi-sono\/","og_locale":"it_IT","og_type":"article","og_title":"CHI SONO - Lalbero della Psicologia","og_description":"Dott.ssa Patrizia Borrelli Psicologa Psicoterapeuta Sistemico Relazionale Patrizia Borrelli, Insegnante di Mindfulness e del Programma MBSR (Mindfulness Based Stress Reduction), Certificata IPHM (International Practitioners of Holistic Medicine). Iscritta all&#8217;ordine degli psicologi della Lombardia al numero 03\/102019. CONTATTI Sono nata a&hellip; Leggi tutto","og_url":"https:\/\/www.lalberodellapsicologia.it\/index.php\/info\/chi-sono\/","og_site_name":"Lalbero della Psicologia","article_modified_time":"2020-05-04T16:07:56+00:00","og_image":[{"url":"http:\/\/www.lalberodellapsicologia.it\/wp-content\/uploads\/2017\/02\/shapeimage_1-e1487084666301.png"}],"twitter_card":"summary_large_image","twitter_misc":{"Tempo di lettura stimato":"3 minuti"},"schema":{"@context":"https:\/\/schema.org","@graph":[{"@type":"WebPage","@id":"https:\/\/www.lalberodellapsicologia.it\/index.php\/info\/chi-sono\/","url":"https:\/\/www.lalberodellapsicologia.it\/index.php\/info\/chi-sono\/","name":"CHI SONO - Lalbero della Psicologia","isPartOf":{"@id":"https:\/\/www.lalberodellapsicologia.it\/#website"},"primaryImageOfPage":{"@id":"https:\/\/www.lalberodellapsicologia.it\/index.php\/info\/chi-sono\/#primaryimage"},"image":{"@id":"https:\/\/www.lalberodellapsicologia.it\/index.php\/info\/chi-sono\/#primaryimage"},"thumbnailUrl":"http:\/\/www.lalberodellapsicologia.it\/wp-content\/uploads\/2017\/02\/shapeimage_1-e1487084666301.png","datePublished":"2017-02-14T14:37:32+00:00","dateModified":"2020-05-04T16:07:56+00:00","breadcrumb":{"@id":"https:\/\/www.lalberodellapsicologia.it\/index.php\/info\/chi-sono\/#breadcrumb"},"inLanguage":"it-IT","potentialAction":[{"@type":"ReadAction","target":["https:\/\/www.lalberodellapsicologia.it\/index.php\/info\/chi-sono\/"]}]},{"@type":"ImageObject","inLanguage":"it-IT","@id":"https:\/\/www.lalberodellapsicologia.it\/index.php\/info\/chi-sono\/#primaryimage","url":"https:\/\/i0.wp.com\/www.lalberodellapsicologia.it\/wp-content\/uploads\/2017\/02\/shapeimage_1-e1487084666301.png?fit=199%2C284&ssl=1","contentUrl":"https:\/\/i0.wp.com\/www.lalberodellapsicologia.it\/wp-content\/uploads\/2017\/02\/shapeimage_1-e1487084666301.png?fit=199%2C284&ssl=1","width":199,"height":284},{"@type":"BreadcrumbList","@id":"https:\/\/www.lalberodellapsicologia.it\/index.php\/info\/chi-sono\/#breadcrumb","itemListElement":[{"@type":"ListItem","position":1,"name":"Home","item":"https:\/\/www.lalberodellapsicologia.it\/"},{"@type":"ListItem","position":2,"name":"INFO","item":"http:\/\/www.lalberodellapsicologia.it\/index.php\/info\/"},{"@type":"ListItem","position":3,"name":"CHI SONO"}]},{"@type":"WebSite","@id":"https:\/\/www.lalberodellapsicologia.it\/#website","url":"https:\/\/www.lalberodellapsicologia.it\/","name":"Lalbero della Psicologia","description":"","potentialAction":[{"@type":"SearchAction","target":{"@type":"EntryPoint","urlTemplate":"https:\/\/www.lalberodellapsicologia.it\/?s={search_term_string}"},"query-input":{"@type":"PropertyValueSpecification","valueRequired":true,"valueName":"search_term_string"}}],"inLanguage":"it-IT"}]}},"jetpack_sharing_enabled":true,"jetpack_shortlink":"https:\/\/wp.me\/P8pCML-l","jetpack-related-posts":[],"_links":{"self":[{"href":"https:\/\/www.lalberodellapsicologia.it\/index.php\/wp-json\/wp\/v2\/pages\/21"}],"collection":[{"href":"https:\/\/www.lalberodellapsicologia.it\/index.php\/wp-json\/wp\/v2\/pages"}],"about":[{"href":"https:\/\/www.lalberodellapsicologia.it\/index.php\/wp-json\/wp\/v2\/types\/page"}],"author":[{"embeddable":true,"href":"https:\/\/www.lalberodellapsicologia.it\/index.php\/wp-json\/wp\/v2\/users\/1"}],"replies":[{"embeddable":true,"href":"https:\/\/www.lalberodellapsicologia.it\/index.php\/wp-json\/wp\/v2\/comments?post=21"}],"version-history":[{"count":17,"href":"https:\/\/www.lalberodellapsicologia.it\/index.php\/wp-json\/wp\/v2\/pages\/21\/revisions"}],"predecessor-version":[{"id":579,"href":"https:\/\/www.lalberodellapsicologia.it\/index.php\/wp-json\/wp\/v2\/pages\/21\/revisions\/579"}],"up":[{"embeddable":true,"href":"https:\/\/www.lalberodellapsicologia.it\/index.php\/wp-json\/wp\/v2\/pages\/16"}],"wp:attachment":[{"href":"https:\/\/www.lalberodellapsicologia.it\/index.php\/wp-json\/wp\/v2\/media?parent=21"}],"curies":[{"name":"wp","href":"https:\/\/api.w.org\/{rel}","templated":true}]}}